{"id":43,"date":"2026-02-27T10:25:14","date_gmt":"2026-02-27T09:25:14","guid":{"rendered":"https:\/\/lemanoirducolombier.fr\/?page_id=43"},"modified":"2026-03-31T16:43:33","modified_gmt":"2026-03-31T14:43:33","slug":"votre-seminaire","status":"publish","type":"page","link":"https:\/\/lemanoirducolombier.fr\/en\/votre-seminaire\/","title":{"rendered":"Your Seminar"},"content":{"rendered":"<div class=\"wp-block-cover alignfull is-dark\" style=\"padding-top:0px;padding-bottom:0px;min-height:70vh;aspect-ratio:unset;\"><img loading=\"lazy\" decoding=\"async\" width=\"1920\" height=\"1280\" class=\"wp-block-cover__image-background wp-image-306 size-full\" alt=\"\" src=\"https:\/\/lemanoirducolombier.fr\/wp-content\/uploads\/2026\/03\/hero-manoir.jpg\" style=\"object-position:50% 90%\" data-object-fit=\"cover\" data-object-position=\"50% 90%\" srcset=\"https:\/\/lemanoirducolombier.fr\/wp-content\/uploads\/2026\/03\/hero-manoir.jpg 1920w, https:\/\/lemanoirducolombier.fr\/wp-content\/uploads\/2026\/03\/hero-manoir-300x200.jpg 300w, https:\/\/lemanoirducolombier.fr\/wp-content\/uploads\/2026\/03\/hero-manoir-1024x683.jpg 1024w, https:\/\/lemanoirducolombier.fr\/wp-content\/uploads\/2026\/03\/hero-manoir-768x512.jpg 768w, https:\/\/lemanoirducolombier.fr\/wp-content\/uploads\/2026\/03\/hero-manoir-1536x1024.jpg 1536w\" sizes=\"auto, (max-width: 1920px) 100vw, 1920px\" \/><span aria-hidden=\"true\" class=\"wp-block-cover__background has-theme-palette-1-background-color has-background-dim\"><\/span><div class=\"wp-block-cover__inner-container is-layout-flow wp-block-cover-is-layout-flow\">\n<div style=\"height:20vh\" aria-hidden=\"true\" class=\"wp-block-spacer\"><\/div>\n\n\n\n<h1 class=\"wp-block-heading has-text-align-center has-text-color\" style=\"color:#ffffff;font-size:clamp(36px, 5vw, 70px);font-weight:400;letter-spacing:4px\">Your Seminar<\/h1>\n\n\n\n<div style=\"height:20px\" aria-hidden=\"true\" class=\"wp-block-spacer\"><\/div>\n\n\n\n<p class=\"has-text-align-center has-text-color\" style=\"color:#ffffff;font-size:16px;letter-spacing:3px\">MEETINGS \u00b7 RETREATS \u00b7 TEAM BUILDING \u00b7 INSPIRATION<\/p>\n<\/div><\/div>\n\n\n\n<div style=\"height:100px\" aria-hidden=\"true\" class=\"wp-block-spacer\"><\/div>\n\n\n\n<p class=\"has-text-align-center\" style=\"padding-right:15%;padding-left:15%;font-size:21px;font-style:italic;line-height:1.9\">Leave the office to come back better.<br>Le Manoir du Colombier offers your teams a natural and inspiring setting, far from the hustle, to think, create and reconnect.<\/p>\n\n\n\n<div style=\"height:100px\" aria-hidden=\"true\" class=\"wp-block-spacer\"><\/div>\n\n\n\n<div class=\"wp-block-group alignfull has-background\" style=\"background-color:#f5f0eb;padding-top:80px;padding-bottom:80px\"><div class=\"wp-block-group__inner-container is-layout-flow wp-block-group-is-layout-flow\">\n<h2 class=\"wp-block-heading has-text-align-center has-text-color\" style=\"color:#999999;font-size:16px;font-weight:400;letter-spacing:4px\">THE SETTING<\/h2>\n\n\n\n<div style=\"height:16px\" aria-hidden=\"true\" class=\"wp-block-spacer\"><\/div>\n\n\n\n<h2 class=\"wp-block-heading has-text-align-center\" style=\"font-size:36px;font-weight:400\">A place to think differently<\/h2>\n\n\n\n<div style=\"height:60px\" aria-hidden=\"true\" class=\"wp-block-spacer\"><\/div>\n\n\n\n<div class=\"wp-block-columns alignwide is-layout-flex wp-container-core-columns-is-layout-201b4ec5 wp-block-columns-is-layout-flex\">\n<div class=\"wp-block-column is-layout-flow wp-block-column-is-layout-flow\">\n<h3 class=\"wp-block-heading\" style=\"font-size:20px;font-weight:400;letter-spacing:1px\">Work spaces<\/h3>\n\n\n\n<div style=\"height:12px\" aria-hidden=\"true\" class=\"wp-block-spacer\"><\/div>\n\n\n\n<p class=\"has-text-color\" style=\"color:#666666;font-size:15px;line-height:1.8\">Modular meeting rooms. Natural light, views over the park \u2014 an environment conducive to focus and creativity.<\/p>\n<\/div>\n\n\n\n<div class=\"wp-block-column is-layout-flow wp-block-column-is-layout-flow\">\n<h3 class=\"wp-block-heading\" style=\"font-size:20px;font-weight:400;letter-spacing:1px\">Dining &amp; conviviality<\/h3>\n\n\n\n<div style=\"height:12px\" aria-hidden=\"true\" class=\"wp-block-spacer\"><\/div>\n\n\n\n<p class=\"has-text-color\" style=\"color:#666666;font-size:15px;line-height:1.8\">Meals served in the estate's spaces. Breakfasts, working lunches, gala dinners \u2014 our network of caterers adapts to your needs and budget.<\/p>\n<\/div>\n\n\n\n<div class=\"wp-block-column is-layout-flow wp-block-column-is-layout-flow\">\n<h3 class=\"wp-block-heading\" style=\"font-size:20px;font-weight:400;letter-spacing:1px\">On-site accommodation<\/h3>\n\n\n\n<div style=\"height:12px\" aria-hidden=\"true\" class=\"wp-block-spacer\"><\/div>\n\n\n\n<p class=\"has-text-color\" style=\"color:#666666;font-size:15px;line-height:1.8\">Accommodation available for residential seminars. Guest houses and g\u00eetes near the estate, selected by Corinne and Bertrand for their quality.<\/p>\n<\/div>\n<\/div>\n<\/div><\/div>\n\n\n\n<div class=\"wp-block-group alignfull\" style=\"padding-top:80px;padding-bottom:80px\"><div class=\"wp-block-group__inner-container is-layout-flow wp-block-group-is-layout-flow\">\n<h2 class=\"wp-block-heading has-text-align-center has-text-color\" style=\"color:#999999;font-size:16px;font-weight:400;letter-spacing:4px\">OUR SPACES<\/h2>\n\n\n\n<div style=\"height:16px\" aria-hidden=\"true\" class=\"wp-block-spacer\"><\/div>\n\n\n\n<h2 class=\"wp-block-heading has-text-align-center\" style=\"font-size:36px;font-weight:400\">Spaces tailored to every format<\/h2>\n\n\n\n<div style=\"height:16px\" aria-hidden=\"true\" class=\"wp-block-spacer\"><\/div>\n\n\n\n<p class=\"has-text-align-center has-text-color\" style=\"color:#666666;padding-right:15%;padding-left:15%;font-size:17px;line-height:1.8\">The estate offers indoor and outdoor spaces suited to all seminar formats.<\/p>\n\n\n\n<div style=\"height:40px\" aria-hidden=\"true\" class=\"wp-block-spacer\"><\/div>\n\n\n\n<div class=\"wp-block-columns alignwide is-layout-flex wp-container-core-columns-is-layout-88c107d0 wp-block-columns-is-layout-flex\">\n<div class=\"wp-block-column has-background is-layout-flow wp-block-column-is-layout-flow\" style=\"background-color:#f5f0eb;padding-top:40px;padding-right:40px;padding-bottom:40px;padding-left:40px\">\n<h4 class=\"wp-block-heading has-text-color\" style=\"color:#999999;margin-bottom:20px;font-size:16px;font-weight:400;letter-spacing:3px;text-transform:uppercase\">Work spaces<\/h4>\n\n\n\n<p class=\"has-text-color\" style=\"color:#555555;font-size:15px;line-height:2\"><strong>The M\u00e9lusine hall<\/strong> \u2014 120 persons<br><strong>The Exhibition Hall<\/strong> \u2014 50 persons<\/p>\n<\/div>\n\n\n\n<div class=\"wp-block-column has-background is-layout-flow wp-block-column-is-layout-flow\" style=\"background-color:#f5f0eb;padding-top:40px;padding-right:40px;padding-bottom:40px;padding-left:40px\">\n<h4 class=\"wp-block-heading has-text-color\" style=\"color:#999999;margin-bottom:20px;font-size:16px;font-weight:400;letter-spacing:3px;text-transform:uppercase\">Social spaces<\/h4>\n\n\n\n<p class=\"has-text-color\" style=\"color:#555555;font-size:15px;line-height:2\"><strong>La Galetterie<\/strong> \u2014 25 persons<br><strong>The Artist's Studio<\/strong> \u2014 10 persons<\/p>\n<\/div>\n\n\n\n<div class=\"wp-block-column has-background is-layout-flow wp-block-column-is-layout-flow\" style=\"background-color:#f5f0eb;padding-top:40px;padding-right:40px;padding-bottom:40px;padding-left:40px\">\n<h4 class=\"wp-block-heading has-text-color\" style=\"color:#999999;margin-bottom:20px;font-size:16px;font-weight:400;letter-spacing:3px;text-transform:uppercase\">Outdoor spaces<\/h4>\n\n\n\n<p class=\"has-text-color\" style=\"color:#555555;font-size:15px;line-height:2\"><strong>The Main Courtyard<\/strong> \u2014 500 persons<br><strong>The M\u00e9lusine Esplanade<\/strong> \u2014 500 persons<br><strong>The Kitchen Garden<\/strong> \u2014 500 persons<\/p>\n<\/div>\n<\/div>\n<\/div><\/div>\n\n\n\n<div class=\"wp-block-group alignwide has-theme-palette-8-background-color has-background\"><div class=\"wp-block-group__inner-container is-layout-constrained wp-block-group-is-layout-constrained\">\n<h2 class=\"wp-block-heading has-text-align-center has-text-color\" style=\"color:#999999;font-size:16px;font-weight:400;letter-spacing:4px\">ACTIVITIES<\/h2>\n\n\n\n<div style=\"height:16px\" aria-hidden=\"true\" class=\"wp-block-spacer\"><\/div>\n\n\n\n<h2 class=\"wp-block-heading has-text-align-center\" style=\"font-size:36px;font-weight:400\">Team building &amp; renewal<\/h2>\n\n\n\n<div style=\"height:16px\" aria-hidden=\"true\" class=\"wp-block-spacer\"><\/div>\n\n\n\n<p class=\"has-text-align-center has-text-color\" style=\"color:#666666;padding-right:20%;padding-left:20%;font-size:17px;line-height:1.8\">The 7-hectare park is an ideal playground for outdoor activities that strengthen team cohesion and promote well-being.<\/p>\n\n\n\n<div style=\"height:60px\" aria-hidden=\"true\" class=\"wp-block-spacer\"><\/div>\n\n\n\n<div class=\"wp-block-columns is-layout-flex wp-container-core-columns-is-layout-88c107d0 wp-block-columns-is-layout-flex\">\n<div class=\"wp-block-column has-theme-palette-9-background-color has-background is-layout-flow wp-block-column-is-layout-flow\" style=\"border-top-color:#2d4a3e;border-top-width:3px;padding-top:40px;padding-right:40px;padding-bottom:40px;padding-left:40px\">\n<h4 class=\"wp-block-heading\" style=\"font-size:17px;font-weight:400;letter-spacing:1px\">Hiking &amp; nature<\/h4>\n\n\n\n<p class=\"has-text-color\" style=\"color:#666666;font-size:15px;line-height:1.8\">Guided walks through the park and surrounding Breton trails. A reconnection with nature that frees creative thinking.<\/p>\n<\/div>\n\n\n\n<div class=\"wp-block-column has-theme-palette-9-background-color has-background is-layout-flow wp-block-column-is-layout-flow\" style=\"border-top-color:#2d4a3e;border-top-width:3px;padding-top:40px;padding-right:40px;padding-bottom:40px;padding-left:40px\">\n<h4 class=\"wp-block-heading\" style=\"font-size:17px;font-weight:400;letter-spacing:1px\">Artistic workshops<\/h4>\n\n\n\n<p class=\"has-text-color\" style=\"color:#666666;font-size:15px;line-height:1.8\">Introduction to drawing, watercolour, travel sketchbook \u2014 workshops that develop observation, creativity and expression.<\/p>\n<\/div>\n\n\n\n<div class=\"wp-block-column has-theme-palette-9-background-color has-background is-layout-flow wp-block-column-is-layout-flow\" style=\"border-top-color:#2d4a3e;border-top-width:3px;padding-top:40px;padding-right:40px;padding-bottom:40px;padding-left:40px\">\n<h4 class=\"wp-block-heading\" style=\"font-size:17px;font-weight:400;letter-spacing:1px\">Yoga<\/h4>\n\n\n\n<p class=\"has-text-color\" style=\"color:#666666;font-size:15px;line-height:1.8\">Yoga sessions in the park, in a natural setting. A pause that regenerates and refocuses teams.<\/p>\n<\/div>\n<\/div>\n\n\n\n<div style=\"height:100px\" aria-hidden=\"true\" class=\"wp-block-spacer\"><\/div>\n<\/div><\/div>\n\n\n\n<div class=\"wp-block-group alignfull has-background\" style=\"background-color:#2d4a3e;padding-top:80px;padding-bottom:80px\"><div class=\"wp-block-group__inner-container is-layout-flow wp-block-group-is-layout-flow\">\n<h2 class=\"wp-block-heading has-text-align-center has-text-color\" style=\"color:#ffffff;font-size:36px;font-weight:400\">Let's organise your seminar together<\/h2>\n\n\n\n<div style=\"height:20px\" aria-hidden=\"true\" class=\"wp-block-spacer\"><\/div>\n\n\n\n<p class=\"has-text-align-center has-text-color\" style=\"color:#b0c8aa;font-size:18px;line-height:1.8\">Tell us your goals, your team, your dates \u2014 we'll build the ideal programme.<\/p>\n\n\n\n<div style=\"height:40px\" aria-hidden=\"true\" class=\"wp-block-spacer\"><\/div>\n\n\n\n<div class=\"wp-block-buttons is-content-justification-center is-layout-flex wp-container-core-buttons-is-layout-16018d1d wp-block-buttons-is-layout-flex\">\n<div class=\"wp-block-button is-style-outline is-style-outline--1\"><a class=\"wp-block-button__link has-white-color has-text-color has-border-color has-white-border-color has-custom-font-size wp-element-button\" href=\"\/en\/contact\/?wpf90_4=S\u00e9minaire\" style=\"border-radius:0px;padding-top:18px;padding-right:50px;padding-bottom:18px;padding-left:50px;font-size:14px;letter-spacing:2px\">Contact us<\/a><\/div>\n<\/div>\n<\/div><\/div>","protected":false},"excerpt":{"rendered":"<p>Sortir du bureau pour mieux y revenir.Le Manoir du Colombier offre \u00e0 vos \u00e9quipes un cadre naturel et inspirant, loin de l&rsquo;agitation, pour penser, cr\u00e9er et se retrouver. LE CADRE Un lieu pour penser autrement Espaces de travail Salles de r\u00e9union modulables. Lumi\u00e8re naturelle, vue sur le parc \u2014 un environnement propice \u00e0 la concentration&#8230;<\/p>","protected":false},"author":1,"featured_media":0,"parent":0,"menu_order":0,"comment_status":"closed","ping_status":"closed","template":"","meta":{"_kad_post_transparent":"enable","_kad_post_title":"hide","_kad_post_layout":"fullwidth","_kad_post_sidebar_id":"","_kad_post_content_style":"unboxed","_kad_post_vertical_padding":"","_kad_post_feature":"","_kad_post_feature_position":"","_kad_post_header":false,"_kad_post_footer":false,"_kad_post_classname":"","footnotes":""},"class_list":["post-43","page","type-page","status-publish","hentry"],"yoast_head":"<!-- This site is optimized with the Yoast SEO plugin v27.3 - https:\/\/yoast.com\/product\/yoast-seo-wordpress\/ -->\n<title>S\u00e9minaire entreprise Bretagne \u2014 Le Manoir du Colombier<\/title>\n<meta name=\"description\" content=\"Organisez votre s\u00e9minaire d&#039;entreprise en Bretagne au Manoir du Colombier : espaces modulables et team building en C\u00f4tes d&#039;Armor\" \/>\n<meta name=\"robots\" content=\"index, follow, max-snippet:-1, max-image-preview:large, max-video-preview:-1\" \/>\n<link rel=\"canonical\" href=\"https:\/\/lemanoirducolombier.fr\/en\/votre-seminaire\/\" \/>\n<meta property=\"og:locale\" content=\"en_US\" \/>\n<meta property=\"og:type\" content=\"article\" \/>\n<meta property=\"og:title\" content=\"S\u00e9minaire entreprise Bretagne \u2014 Le Manoir du Colombier\" \/>\n<meta property=\"og:description\" content=\"Organisez votre s\u00e9minaire d&#039;entreprise en Bretagne au Manoir du Colombier : espaces modulables et team building en C\u00f4tes d&#039;Armor\" \/>\n<meta property=\"og:url\" content=\"https:\/\/lemanoirducolombier.fr\/en\/votre-seminaire\/\" \/>\n<meta property=\"og:site_name\" content=\"Le Manoir du Colombier\" \/>\n<meta property=\"article:publisher\" content=\"https:\/\/www.facebook.com\/profile.php?id=100068960734168&amp;locale=fr_FR\" \/>\n<meta property=\"article:modified_time\" content=\"2026-03-31T14:43:33+00:00\" \/>\n<meta property=\"og:image\" content=\"https:\/\/lemanoirducolombier.fr\/wp-content\/uploads\/2026\/03\/hero-manoir-1024x683.jpg\" \/>\n\t<meta property=\"og:image:width\" content=\"1024\" \/>\n\t<meta property=\"og:image:height\" content=\"683\" \/>\n\t<meta property=\"og:image:type\" content=\"image\/jpeg\" \/>\n<meta name=\"twitter:card\" content=\"summary_large_image\" \/>\n<meta name=\"twitter:label1\" content=\"Est. reading time\" \/>\n\t<meta name=\"twitter:data1\" content=\"2 minutes\" \/>\n<script type=\"application\/ld+json\" class=\"yoast-schema-graph\">{\"@context\":\"https:\\\/\\\/schema.org\",\"@graph\":[{\"@type\":\"WebPage\",\"@id\":\"https:\\\/\\\/lemanoirducolombier.fr\\\/votre-seminaire\\\/\",\"url\":\"https:\\\/\\\/lemanoirducolombier.fr\\\/votre-seminaire\\\/\",\"name\":\"S\u00e9minaire entreprise Bretagne \u2014 Le Manoir du Colombier\",\"isPartOf\":{\"@id\":\"https:\\\/\\\/lemanoirducolombier.fr\\\/#website\"},\"primaryImageOfPage\":{\"@id\":\"https:\\\/\\\/lemanoirducolombier.fr\\\/votre-seminaire\\\/#primaryimage\"},\"image\":{\"@id\":\"https:\\\/\\\/lemanoirducolombier.fr\\\/votre-seminaire\\\/#primaryimage\"},\"thumbnailUrl\":\"https:\\\/\\\/lemanoirducolombier.fr\\\/wp-content\\\/uploads\\\/2026\\\/03\\\/hero-manoir.jpg\",\"datePublished\":\"2026-02-27T09:25:14+00:00\",\"dateModified\":\"2026-03-31T14:43:33+00:00\",\"description\":\"Organisez votre s\u00e9minaire d'entreprise en Bretagne au Manoir du Colombier : espaces modulables et team building en C\u00f4tes d'Armor\",\"breadcrumb\":{\"@id\":\"https:\\\/\\\/lemanoirducolombier.fr\\\/votre-seminaire\\\/#breadcrumb\"},\"inLanguage\":\"en-US\",\"potentialAction\":[{\"@type\":\"ReadAction\",\"target\":[\"https:\\\/\\\/lemanoirducolombier.fr\\\/votre-seminaire\\\/\"]}]},{\"@type\":\"ImageObject\",\"inLanguage\":\"en-US\",\"@id\":\"https:\\\/\\\/lemanoirducolombier.fr\\\/votre-seminaire\\\/#primaryimage\",\"url\":\"https:\\\/\\\/lemanoirducolombier.fr\\\/wp-content\\\/uploads\\\/2026\\\/03\\\/hero-manoir.jpg\",\"contentUrl\":\"https:\\\/\\\/lemanoirducolombier.fr\\\/wp-content\\\/uploads\\\/2026\\\/03\\\/hero-manoir.jpg\"},{\"@type\":\"BreadcrumbList\",\"@id\":\"https:\\\/\\\/lemanoirducolombier.fr\\\/votre-seminaire\\\/#breadcrumb\",\"itemListElement\":[{\"@type\":\"ListItem\",\"position\":1,\"name\":\"Home\",\"item\":\"https:\\\/\\\/lemanoirducolombier.fr\\\/\"},{\"@type\":\"ListItem\",\"position\":2,\"name\":\"Votre S\u00e9minaire\"}]},{\"@type\":\"WebSite\",\"@id\":\"https:\\\/\\\/lemanoirducolombier.fr\\\/#website\",\"url\":\"https:\\\/\\\/lemanoirducolombier.fr\\\/\",\"name\":\"Le Manoir du Colombier\",\"description\":\"\u00c9V\u00c9NEMENTS \u00b7 S\u00c9MINAIRES \u00b7 STAGES \u00b7 BRETAGNE\",\"publisher\":{\"@id\":\"https:\\\/\\\/lemanoirducolombier.fr\\\/#organization\"},\"alternateName\":\"Manoir du Colombier\",\"potentialAction\":[{\"@type\":\"SearchAction\",\"target\":{\"@type\":\"EntryPoint\",\"urlTemplate\":\"https:\\\/\\\/lemanoirducolombier.fr\\\/?s={search_term_string}\"},\"query-input\":{\"@type\":\"PropertyValueSpecification\",\"valueRequired\":true,\"valueName\":\"search_term_string\"}}],\"inLanguage\":\"en-US\"},{\"@type\":\"Organization\",\"@id\":\"https:\\\/\\\/lemanoirducolombier.fr\\\/#organization\",\"name\":\"Le Manoir du Colombier\",\"url\":\"https:\\\/\\\/lemanoirducolombier.fr\\\/\",\"logo\":{\"@type\":\"ImageObject\",\"inLanguage\":\"en-US\",\"@id\":\"https:\\\/\\\/lemanoirducolombier.fr\\\/#\\\/schema\\\/logo\\\/image\\\/\",\"url\":\"https:\\\/\\\/lemanoirducolombier.fr\\\/wp-content\\\/uploads\\\/2026\\\/03\\\/cropped-logo-melusine-512.png\",\"contentUrl\":\"https:\\\/\\\/lemanoirducolombier.fr\\\/wp-content\\\/uploads\\\/2026\\\/03\\\/cropped-logo-melusine-512.png\",\"width\":512,\"height\":512,\"caption\":\"Le Manoir du Colombier\"},\"image\":{\"@id\":\"https:\\\/\\\/lemanoirducolombier.fr\\\/#\\\/schema\\\/logo\\\/image\\\/\"},\"sameAs\":[\"https:\\\/\\\/www.facebook.com\\\/profile.php?id=100068960734168&locale=fr_FR\",\"https:\\\/\\\/www.instagram.com\\\/jardinsducolombier22\"]}]}<\/script>\n<!-- \/ Yoast SEO plugin. -->","yoast_head_json":{"title":"S\u00e9minaire entreprise Bretagne \u2014 Le Manoir du Colombier","description":"Organisez votre s\u00e9minaire d'entreprise en Bretagne au Manoir du Colombier : espaces modulables et team building en C\u00f4tes d'Armor","robots":{"index":"index","follow":"follow","max-snippet":"max-snippet:-1","max-image-preview":"max-image-preview:large","max-video-preview":"max-video-preview:-1"},"canonical":"https:\/\/lemanoirducolombier.fr\/en\/votre-seminaire\/","og_locale":"en_US","og_type":"article","og_title":"S\u00e9minaire entreprise Bretagne \u2014 Le Manoir du Colombier","og_description":"Organisez votre s\u00e9minaire d'entreprise en Bretagne au Manoir du Colombier : espaces modulables et team building en C\u00f4tes d'Armor","og_url":"https:\/\/lemanoirducolombier.fr\/en\/votre-seminaire\/","og_site_name":"Le Manoir du Colombier","article_publisher":"https:\/\/www.facebook.com\/profile.php?id=100068960734168&locale=fr_FR","article_modified_time":"2026-03-31T14:43:33+00:00","og_image":[{"width":1024,"height":683,"url":"https:\/\/lemanoirducolombier.fr\/wp-content\/uploads\/2026\/03\/hero-manoir-1024x683.jpg","type":"image\/jpeg"}],"twitter_card":"summary_large_image","twitter_misc":{"Est. reading time":"2 minutes"},"schema":{"@context":"https:\/\/schema.org","@graph":[{"@type":"WebPage","@id":"https:\/\/lemanoirducolombier.fr\/votre-seminaire\/","url":"https:\/\/lemanoirducolombier.fr\/votre-seminaire\/","name":"S\u00e9minaire entreprise Bretagne \u2014 Le Manoir du Colombier","isPartOf":{"@id":"https:\/\/lemanoirducolombier.fr\/#website"},"primaryImageOfPage":{"@id":"https:\/\/lemanoirducolombier.fr\/votre-seminaire\/#primaryimage"},"image":{"@id":"https:\/\/lemanoirducolombier.fr\/votre-seminaire\/#primaryimage"},"thumbnailUrl":"https:\/\/lemanoirducolombier.fr\/wp-content\/uploads\/2026\/03\/hero-manoir.jpg","datePublished":"2026-02-27T09:25:14+00:00","dateModified":"2026-03-31T14:43:33+00:00","description":"Organisez votre s\u00e9minaire d'entreprise en Bretagne au Manoir du Colombier : espaces modulables et team building en C\u00f4tes d'Armor","breadcrumb":{"@id":"https:\/\/lemanoirducolombier.fr\/votre-seminaire\/#breadcrumb"},"inLanguage":"en-US","potentialAction":[{"@type":"ReadAction","target":["https:\/\/lemanoirducolombier.fr\/votre-seminaire\/"]}]},{"@type":"ImageObject","inLanguage":"en-US","@id":"https:\/\/lemanoirducolombier.fr\/votre-seminaire\/#primaryimage","url":"https:\/\/lemanoirducolombier.fr\/wp-content\/uploads\/2026\/03\/hero-manoir.jpg","contentUrl":"https:\/\/lemanoirducolombier.fr\/wp-content\/uploads\/2026\/03\/hero-manoir.jpg"},{"@type":"BreadcrumbList","@id":"https:\/\/lemanoirducolombier.fr\/votre-seminaire\/#breadcrumb","itemListElement":[{"@type":"ListItem","position":1,"name":"Home","item":"https:\/\/lemanoirducolombier.fr\/"},{"@type":"ListItem","position":2,"name":"Votre S\u00e9minaire"}]},{"@type":"WebSite","@id":"https:\/\/lemanoirducolombier.fr\/#website","url":"https:\/\/lemanoirducolombier.fr\/","name":"Le Manoir du Colombier","description":"\u00c9V\u00c9NEMENTS \u00b7 S\u00c9MINAIRES \u00b7 STAGES \u00b7 BRETAGNE","publisher":{"@id":"https:\/\/lemanoirducolombier.fr\/#organization"},"alternateName":"Manoir du Colombier","potentialAction":[{"@type":"SearchAction","target":{"@type":"EntryPoint","urlTemplate":"https:\/\/lemanoirducolombier.fr\/?s={search_term_string}"},"query-input":{"@type":"PropertyValueSpecification","valueRequired":true,"valueName":"search_term_string"}}],"inLanguage":"en-US"},{"@type":"Organization","@id":"https:\/\/lemanoirducolombier.fr\/#organization","name":"Le Manoir du Colombier","url":"https:\/\/lemanoirducolombier.fr\/","logo":{"@type":"ImageObject","inLanguage":"en-US","@id":"https:\/\/lemanoirducolombier.fr\/#\/schema\/logo\/image\/","url":"https:\/\/lemanoirducolombier.fr\/wp-content\/uploads\/2026\/03\/cropped-logo-melusine-512.png","contentUrl":"https:\/\/lemanoirducolombier.fr\/wp-content\/uploads\/2026\/03\/cropped-logo-melusine-512.png","width":512,"height":512,"caption":"Le Manoir du Colombier"},"image":{"@id":"https:\/\/lemanoirducolombier.fr\/#\/schema\/logo\/image\/"},"sameAs":["https:\/\/www.facebook.com\/profile.php?id=100068960734168&locale=fr_FR","https:\/\/www.instagram.com\/jardinsducolombier22"]}]}},"_links":{"self":[{"href":"https:\/\/lemanoirducolombier.fr\/en\/wp-json\/wp\/v2\/pages\/43","targetHints":{"allow":["GET"]}}],"collection":[{"href":"https:\/\/lemanoirducolombier.fr\/en\/wp-json\/wp\/v2\/pages"}],"about":[{"href":"https:\/\/lemanoirducolombier.fr\/en\/wp-json\/wp\/v2\/types\/page"}],"author":[{"embeddable":true,"href":"https:\/\/lemanoirducolombier.fr\/en\/wp-json\/wp\/v2\/users\/1"}],"replies":[{"embeddable":true,"href":"https:\/\/lemanoirducolombier.fr\/en\/wp-json\/wp\/v2\/comments?post=43"}],"version-history":[{"count":26,"href":"https:\/\/lemanoirducolombier.fr\/en\/wp-json\/wp\/v2\/pages\/43\/revisions"}],"predecessor-version":[{"id":665,"href":"https:\/\/lemanoirducolombier.fr\/en\/wp-json\/wp\/v2\/pages\/43\/revisions\/665"}],"wp:attachment":[{"href":"https:\/\/lemanoirducolombier.fr\/en\/wp-json\/wp\/v2\/media?parent=43"}],"curies":[{"name":"wp","href":"https:\/\/api.w.org\/{rel}","templated":true}]}}