{"id":723,"date":"2026-04-01T06:18:41","date_gmt":"2026-04-01T04:18:41","guid":{"rendered":"https:\/\/lemanoirducolombier.fr\/?page_id=723"},"modified":"2026-04-01T19:25:39","modified_gmt":"2026-04-01T17:25:39","slug":"votre-sejour","status":"publish","type":"page","link":"https:\/\/lemanoirducolombier.fr\/en\/votre-sejour\/","title":{"rendered":"Votre S\u00e9jour"},"content":{"rendered":"<style>.kb-row-layout-id723_50596f-0f > .kt-row-column-wrap{align-content:start;}:where(.kb-row-layout-id723_50596f-0f > .kt-row-column-wrap) > .wp-block-kadence-column{justify-content:start;}.kb-row-layout-id723_50596f-0f > .kt-row-column-wrap{column-gap:var(--global-kb-gap-lg, 4rem);row-gap:var(--global-kb-gap-md, 2rem);max-width:var( --global-content-width, 1290px );padding-left:var(--global-content-edge-padding);padding-right:var(--global-content-edge-padding);padding-top:var(--global-kb-spacing-lg, 3rem);padding-bottom:var(--global-kb-spacing-lg, 3rem);grid-template-columns:minmax(0, 1fr);}.kb-row-layout-id723_50596f-0f > .kt-row-layout-overlay{opacity:0.30;}@media all and (max-width: 1024px){.kb-row-layout-id723_50596f-0f > .kt-row-column-wrap{grid-template-columns:minmax(0, 1fr);}}@media all and (max-width: 767px){.kb-row-layout-id723_50596f-0f > .kt-row-column-wrap{grid-template-columns:minmax(0, 1fr);}}<\/style><div class=\"kb-row-layout-wrap kb-row-layout-id723_50596f-0f alignfull has-theme-palette9-background-color kt-row-has-bg wp-block-kadence-rowlayout\"><div class=\"kt-row-column-wrap kt-has-1-columns kt-row-layout-equal kt-tab-layout-inherit kt-mobile-layout-row kt-row-valign-top kb-theme-content-width\">\n<style>.kadence-column723_c83f8f-ca > .kt-inside-inner-col,.kadence-column723_c83f8f-ca > .kt-inside-inner-col:before{border-top-left-radius:0px;border-top-right-radius:0px;border-bottom-right-radius:0px;border-bottom-left-radius:0px;}.kadence-column723_c83f8f-ca > .kt-inside-inner-col{column-gap:var(--global-kb-gap-sm, 1rem);}.kadence-column723_c83f8f-ca > .kt-inside-inner-col{flex-direction:column;}.kadence-column723_c83f8f-ca > .kt-inside-inner-col > .aligncenter{width:100%;}.kadence-column723_c83f8f-ca > .kt-inside-inner-col:before{opacity:0.3;}.kadence-column723_c83f8f-ca{position:relative;}@media all and (max-width: 1024px){.kadence-column723_c83f8f-ca > .kt-inside-inner-col{flex-direction:column;justify-content:center;}}@media all and (max-width: 767px){.kadence-column723_c83f8f-ca > .kt-inside-inner-col{flex-direction:column;justify-content:center;}}<\/style>\n<div class=\"wp-block-kadence-column kadence-column723_c83f8f-ca\"><div class=\"kt-inside-inner-col\"><style>.wp-block-kadence-advancedheading.kt-adv-heading723_46f756-25, .wp-block-kadence-advancedheading.kt-adv-heading723_46f756-25[data-kb-block=\"kb-adv-heading723_46f756-25\"]{text-align:center;font-size:28px;font-style:normal;}.wp-block-kadence-advancedheading.kt-adv-heading723_46f756-25 mark.kt-highlight, .wp-block-kadence-advancedheading.kt-adv-heading723_46f756-25[data-kb-block=\"kb-adv-heading723_46f756-25\"] mark.kt-highlight{font-style:normal;color:#f76a0c;-webkit-box-decoration-break:clone;box-decoration-break:clone;padding-top:0px;padding-right:0px;padding-bottom:0px;padding-left:0px;}.wp-block-kadence-advancedheading.kt-adv-heading723_46f756-25 img.kb-inline-image, .wp-block-kadence-advancedheading.kt-adv-heading723_46f756-25[data-kb-block=\"kb-adv-heading723_46f756-25\"] img.kb-inline-image{width:150px;vertical-align:baseline;}<\/style>\n<h3 class=\"kt-adv-heading723_46f756-25 wp-block-kadence-advancedheading has-theme-palette-3-color has-text-color\" data-kb-block=\"kb-adv-heading723_46f756-25\">Nos coups de  coeur pr\u00e8s de chez nous <\/h3>\n\n\n<style>.wp-block-kadence-advancedheading.kt-adv-heading723_593948-2b, .wp-block-kadence-advancedheading.kt-adv-heading723_593948-2b[data-kb-block=\"kb-adv-heading723_593948-2b\"]{text-align:center;font-style:normal;}.wp-block-kadence-advancedheading.kt-adv-heading723_593948-2b mark.kt-highlight, .wp-block-kadence-advancedheading.kt-adv-heading723_593948-2b[data-kb-block=\"kb-adv-heading723_593948-2b\"] mark.kt-highlight{font-style:normal;color:#f76a0c;-webkit-box-decoration-break:clone;box-decoration-break:clone;padding-top:0px;padding-right:0px;padding-bottom:0px;padding-left:0px;}.wp-block-kadence-advancedheading.kt-adv-heading723_593948-2b img.kb-inline-image, .wp-block-kadence-advancedheading.kt-adv-heading723_593948-2b[data-kb-block=\"kb-adv-heading723_593948-2b\"] img.kb-inline-image{width:150px;vertical-align:baseline;}<\/style>\n<p class=\"kt-adv-heading723_593948-2b wp-block-kadence-advancedheading has-theme-palette-6-color has-text-color\" data-kb-block=\"kb-adv-heading723_593948-2b\"> <\/p>\n\n\n<style>.wp-block-kadence-spacer.kt-block-spacer-723_e0860a-86 .kt-block-spacer{height:30px;}.wp-block-kadence-spacer.kt-block-spacer-723_e0860a-86 .kt-divider{border-top-width:1px;height:1px;border-top-color:var(--global-palette1, #3182CE);width:30px;border-top-style:solid;}<\/style>\n<div class=\"wp-block-kadence-spacer aligncenter kt-block-spacer-723_e0860a-86\"><div class=\"kt-block-spacer kt-block-spacer-halign-center\"><hr class=\"kt-divider\"\/><\/div><\/div>\n\n\n<style>.kb-row-layout-id723_b1536f-16 > .kt-row-column-wrap{align-content:start;}:where(.kb-row-layout-id723_b1536f-16 > .kt-row-column-wrap) > .wp-block-kadence-column{justify-content:start;}.kb-row-layout-id723_b1536f-16 > .kt-row-column-wrap{column-gap:var(--global-kb-gap-lg, 4rem);row-gap:var(--global-kb-gap-md, 2rem);padding-top:var(--global-kb-spacing-md, 2rem);padding-bottom:var(--global-kb-spacing-lg, 3rem);}.kb-row-layout-id723_b1536f-16 > .kt-row-column-wrap > div:not(.added-for-specificity){grid-column:initial;}.kb-row-layout-id723_b1536f-16 > .kt-row-column-wrap{grid-template-columns:repeat(3, minmax(0, 1fr));}.kb-row-layout-id723_b1536f-16 > .kt-row-layout-overlay{opacity:0.30;}@media all and (max-width: 1024px){.kb-row-layout-id723_b1536f-16 > .kt-row-column-wrap > div:not(.added-for-specificity){grid-column:initial;}}@media all and (max-width: 1024px){.kb-row-layout-id723_b1536f-16 > .kt-row-column-wrap{grid-template-columns:repeat(3, minmax(0, 1fr));}}@media all and (max-width: 767px){.kb-row-layout-id723_b1536f-16 > .kt-row-column-wrap > div:not(.added-for-specificity){grid-column:initial;}.kb-row-layout-id723_b1536f-16 > .kt-row-column-wrap{grid-template-columns:minmax(0, 1fr);}}<\/style><div class=\"kb-row-layout-wrap kb-row-layout-id723_b1536f-16 alignnone wp-block-kadence-rowlayout\"><div class=\"kt-row-column-wrap kt-has-3-columns kt-row-layout-equal kt-tab-layout-inherit kt-mobile-layout-row kt-row-valign-top\">\n<style>.kadence-column723_6769ad-d3 > .kt-inside-inner-col,.kadence-column723_6769ad-d3 > .kt-inside-inner-col:before{border-top-left-radius:0px;border-top-right-radius:0px;border-bottom-right-radius:0px;border-bottom-left-radius:0px;}.kadence-column723_6769ad-d3 > .kt-inside-inner-col{column-gap:var(--global-kb-gap-sm, 1rem);}.kadence-column723_6769ad-d3 > .kt-inside-inner-col{flex-direction:column;}.kadence-column723_6769ad-d3 > .kt-inside-inner-col > .aligncenter{width:100%;}.kadence-column723_6769ad-d3 > .kt-inside-inner-col:before{opacity:0.3;}.kadence-column723_6769ad-d3{position:relative;}@media all and (max-width: 1024px){.kadence-column723_6769ad-d3 > .kt-inside-inner-col{flex-direction:column;justify-content:center;}}@media all and (max-width: 767px){.kadence-column723_6769ad-d3 > .kt-inside-inner-col{flex-direction:column;justify-content:center;}}<\/style>\n<div class=\"wp-block-kadence-column kadence-column723_6769ad-d3\"><div class=\"kt-inside-inner-col\">\n<p class=\"has-text-align-center\">O\u00f9 <a href=\"https:\/\/www.capderquy-valandre.com\/je-prepare-mon-sejour\/dormir\">Dormir<\/a>?<\/p>\n\n\n\n<p class=\"has-text-align-center\"><a href=\"https:\/\/actu.fr\/bretagne\/lamballe-armor_22093\/vacances-notre-top-10-des-locations-insolites-autour-de-lamballe-erquy-et-pleneuf-val-andre_41893473.html\">iInsolite <\/a><\/p>\n\n\n\n<p class=\"has-text-align-center\"><a href=\"https:\/\/www.weekendesk.fr\/week-end\/17719578\/week-end-a-Pleneuf_Val_Andre-Bretagne-en-amoureux?utm_source=google&amp;utm_medium=cpc&amp;utm_campaign=FR%20-%20FR%20-%20DSA%20Hotel&amp;gad_source=1&amp;gad_campaignid=1603081168&amp;gbraid=0AAAAAD-qvkzy4HPytFD-0WCAgA7y0XAUe&amp;gclid=CjwKCAjwhLPOBhBiEiwA8_wJHETDJ52hBbQMFei05nKl9gnfGegnUYMc_b8Jlk_anjeNUgaub0vM7BoC6N8QAvD_BwE\">Luxueux <\/a><\/p>\n\n\n\n<p class=\"has-text-align-center\"><a href=\"https:\/\/www.abritel.fr\/search?gad_source=1&amp;gad_campaignid=12993517863&amp;gbraid=0AAAAACTxZ9b5tP-H5FxjFVTVfbWDg16vq&amp;destination=H%C3%A9non%2C+D%C3%A9partement+des+C%C3%B4tes-d%27Armor%2C+France&amp;regionId=553248634540043506&amp;sort=RECOMMENDED&amp;semcid=ABRITEL-FR.UB.GOOGLE.DT-c-FR.VR&amp;semdtl=a112993517863.b1138914605184.g1kwd-2060513950757.e1c.m1CjwKCAjwhLPOBhBiEiwA8_wJHHn8RSzoZHgNWNGECzLLPQrBCn_l4QTVBVWaCsaDhixzdsnIV8dkQxoCfWIQAvD_BwE.r1.c1.j19111069.k1.d1629329026846.h1b.i1.l1.n1.o1.p1.q1.s1location+vacances+henon.t1.x1.f1.u1.v1.w1&amp;gclid=CjwKCAjwhLPOBhBiEiwA8_wJHHn8RSzoZHgNWNGECzLLPQrBCn_l4QTVBVWaCsaDhixzdsnIV8dkQxoCfWIQAvD_BwE\">Pas trop cher <\/a><\/p>\n<\/div><\/div>\n\n\n<style>.kadence-column723_f98ead-5b > .kt-inside-inner-col,.kadence-column723_f98ead-5b > .kt-inside-inner-col:before{border-top-left-radius:0px;border-top-right-radius:0px;border-bottom-right-radius:0px;border-bottom-left-radius:0px;}.kadence-column723_f98ead-5b > .kt-inside-inner-col{column-gap:var(--global-kb-gap-sm, 1rem);}.kadence-column723_f98ead-5b > .kt-inside-inner-col{flex-direction:column;}.kadence-column723_f98ead-5b > .kt-inside-inner-col > .aligncenter{width:100%;}.kadence-column723_f98ead-5b > .kt-inside-inner-col:before{opacity:0.3;}.kadence-column723_f98ead-5b{position:relative;}@media all and (max-width: 1024px){.kadence-column723_f98ead-5b > .kt-inside-inner-col{flex-direction:column;justify-content:center;}}@media all and (max-width: 767px){.kadence-column723_f98ead-5b > .kt-inside-inner-col{flex-direction:column;justify-content:center;}}<\/style>\n<div class=\"wp-block-kadence-column kadence-column723_f98ead-5b\"><div class=\"kt-inside-inner-col\"><style>.wp-block-kadence-advancedheading.kt-adv-heading723_ef3e91-2c, .wp-block-kadence-advancedheading.kt-adv-heading723_ef3e91-2c[data-kb-block=\"kb-adv-heading723_ef3e91-2c\"]{text-align:center;font-style:normal;}.wp-block-kadence-advancedheading.kt-adv-heading723_ef3e91-2c mark.kt-highlight, .wp-block-kadence-advancedheading.kt-adv-heading723_ef3e91-2c[data-kb-block=\"kb-adv-heading723_ef3e91-2c\"] mark.kt-highlight{font-style:normal;color:#f76a0c;-webkit-box-decoration-break:clone;box-decoration-break:clone;padding-top:0px;padding-right:0px;padding-bottom:0px;padding-left:0px;}.wp-block-kadence-advancedheading.kt-adv-heading723_ef3e91-2c img.kb-inline-image, .wp-block-kadence-advancedheading.kt-adv-heading723_ef3e91-2c[data-kb-block=\"kb-adv-heading723_ef3e91-2c\"] img.kb-inline-image{width:150px;vertical-align:baseline;}@media all and (max-width: 767px){.wp-block-kadence-advancedheading.kt-adv-heading723_ef3e91-2c, .wp-block-kadence-advancedheading.kt-adv-heading723_ef3e91-2c[data-kb-block=\"kb-adv-heading723_ef3e91-2c\"]{text-align:center!important;}}<\/style>\n<h4 class=\"kt-adv-heading723_ef3e91-2c wp-block-kadence-advancedheading\" data-kb-block=\"kb-adv-heading723_ef3e91-2c\">Se restaurer<\/h4>\n\n\n\n<p> <\/p>\n\n\n\n<p class=\"has-text-align-center\">Au plus proche du Colombier<\/p>\n\n\n\n<p class=\"has-text-align-center\"><a href=\"https:\/\/www.lefrenchguide.com\/restaurants\/quessoy-22120\/le-bruit-qui-court\">Le bruit qui court \u00e0 Quessoy<\/a> (la p\u00e9pite de Marie Morin) <\/p>\n\n\n\n<p class=\"has-text-align-center\"><a href=\"https:\/\/www.le-bon-accueil-lechelard.com\/\">Le bon accueil  \u00e0 H\u00e9non<\/a><\/p>\n\n\n\n<p class=\"has-text-align-center\">A Lamballe <\/p>\n\n\n\n<p class=\"has-text-align-center\"><a href=\"https:\/\/www.capderquy-valandre.com\/je-prepare-mon-sejour\/manger\/les-restaurants\/les-cocottes-papotent-2189543\">Cocottes et paillotes <\/a><\/p>\n\n\n\n<p class=\"has-text-align-center\">Avec vue mer <\/p>\n\n\n\n<p class=\"has-text-align-center\"><a href=\"https:\/\/www.restaurant-lacroisette.com\/\">La croisette<\/a> (au Val andr\u00e9) <\/p>\n\n\n\n<p class=\"has-text-align-center\"><a href=\"https:\/\/www.lepanieriode.com\/\">Le panier iod\u00e9 \u00e0 Jospinet<\/a><\/p>\n\n\n\n<p class=\"has-text-align-center\">Le meilleur fish &amp; chips <\/p>\n\n\n\n<p class=\"has-text-align-center\"><a href=\"https:\/\/www.petitfute.com\/v8557-plerin-22190\/c1165-restaurants\/c1248-specialites\/c116-restaurant-fruits-de-mer-poissons\/1781557-le-bistrot-du-marin.html\">Le bistrot du marin<\/a> <\/p>\n\n\n\n<p class=\"has-text-align-center\">( au port du L\u00e9gu\u00e9 &#8211; Saint Brieuc) <\/p>\n<\/div><\/div>\n\n\n<style>.kadence-column723_9491a6-45 > .kt-inside-inner-col,.kadence-column723_9491a6-45 > .kt-inside-inner-col:before{border-top-left-radius:0px;border-top-right-radius:0px;border-bottom-right-radius:0px;border-bottom-left-radius:0px;}.kadence-column723_9491a6-45 > .kt-inside-inner-col{column-gap:var(--global-kb-gap-sm, 1rem);}.kadence-column723_9491a6-45 > .kt-inside-inner-col{flex-direction:column;}.kadence-column723_9491a6-45 > .kt-inside-inner-col > .aligncenter{width:100%;}.kadence-column723_9491a6-45 > .kt-inside-inner-col:before{opacity:0.3;}.kadence-column723_9491a6-45{position:relative;}@media all and (max-width: 1024px){.kadence-column723_9491a6-45 > .kt-inside-inner-col{flex-direction:column;justify-content:center;}}@media all and (max-width: 767px){.kadence-column723_9491a6-45 > .kt-inside-inner-col{flex-direction:column;justify-content:center;}}<\/style>\n<div class=\"wp-block-kadence-column kadence-column723_9491a6-45\"><div class=\"kt-inside-inner-col\"><style>.wp-block-kadence-advancedheading.kt-adv-heading723_520e4c-da, .wp-block-kadence-advancedheading.kt-adv-heading723_520e4c-da[data-kb-block=\"kb-adv-heading723_520e4c-da\"]{text-align:center;font-style:normal;}.wp-block-kadence-advancedheading.kt-adv-heading723_520e4c-da mark.kt-highlight, .wp-block-kadence-advancedheading.kt-adv-heading723_520e4c-da[data-kb-block=\"kb-adv-heading723_520e4c-da\"] mark.kt-highlight{font-style:normal;color:#f76a0c;-webkit-box-decoration-break:clone;box-decoration-break:clone;padding-top:0px;padding-right:0px;padding-bottom:0px;padding-left:0px;}.wp-block-kadence-advancedheading.kt-adv-heading723_520e4c-da img.kb-inline-image, .wp-block-kadence-advancedheading.kt-adv-heading723_520e4c-da[data-kb-block=\"kb-adv-heading723_520e4c-da\"] img.kb-inline-image{width:150px;vertical-align:baseline;}@media all and (max-width: 767px){.wp-block-kadence-advancedheading.kt-adv-heading723_520e4c-da, .wp-block-kadence-advancedheading.kt-adv-heading723_520e4c-da[data-kb-block=\"kb-adv-heading723_520e4c-da\"]{text-align:center!important;}}<\/style>\n<h4 class=\"kt-adv-heading723_520e4c-da wp-block-kadence-advancedheading\" data-kb-block=\"kb-adv-heading723_520e4c-da\">Visites et randos <\/h4>\n\n\n\n<p class=\"has-text-align-center\">Les sites incontournables <\/p>\n\n\n\n<p class=\"has-text-align-center\"><a href=\"https:\/\/www.lefortlalatte.com\/\">Le fort La Latte<\/a><\/p>\n\n\n\n<p class=\"has-text-align-center\"><a href=\"https:\/\/www.ot-montsaintmichel.com\/je-decouvre\/visiter-le-mont-saint-michel\/je-visite-le-mont-saint-michel\/\">Le Mont saint Michel <\/a><\/p>\n\n\n\n<p class=\"has-text-align-center\"><a href=\"https:\/\/www.tourismebretagne.com\/destinations\/les-10-destinations\/cap-frehel-saint-malo-baie-du-mont-saint-michel\/saint-malo\/\">Saint Malo<\/a><\/p>\n\n\n\n<p>les randonn\u00e9es \u00e0 couper le souffle <\/p>\n\n\n\n<p class=\"has-text-align-center\"><a href=\"https:\/\/www.tourismebretagne.com\/destinations\/les-10-destinations\/cap-frehel-saint-malo-baie-du-mont-saint-michel\/saint-malo\/\">Dinard <\/a><\/p>\n\n\n\n<p class=\"has-text-align-center\"><a href=\"https:\/\/www.bretagne-cotedegranitrose.com\/mes-envies\/balade-randonnee-et-trail\/\">La c\u00f4te de granit rose<\/a><\/p>\n<\/div><\/div>\n\n<\/div><\/div><\/div><\/div>\n\n<\/div><\/div>","protected":false},"excerpt":{"rendered":"<p>Nos coups de coeur pr\u00e8s de chez nous O\u00f9 Dormir? iInsolite Luxueux Pas trop cher Se restaurer Au plus proche du Colombier Le bruit qui court \u00e0 Quessoy (la p\u00e9pite de Marie Morin) Le bon accueil \u00e0 H\u00e9non A Lamballe Cocottes et paillotes Avec vue mer La croisette (au Val andr\u00e9) Le panier iod\u00e9 \u00e0&#8230;<\/p>","protected":false},"author":2,"featured_media":0,"parent":0,"menu_order":0,"comment_status":"closed","ping_status":"closed","template":"","meta":{"_kad_post_transparent":"","_kad_post_title":"","_kad_post_layout":"","_kad_post_sidebar_id":"","_kad_post_content_style":"","_kad_post_vertical_padding":"","_kad_post_feature":"","_kad_post_feature_position":"","_kad_post_header":false,"_kad_post_footer":false,"_kad_post_classname":"","footnotes":""},"class_list":["post-723","page","type-page","status-publish","hentry"],"yoast_head":"<!-- This site is optimized with the Yoast SEO plugin v27.3 - https:\/\/yoast.com\/product\/yoast-seo-wordpress\/ -->\n<title>Votre S\u00e9jour - Le Manoir du Colombier<\/title>\n<meta name=\"robots\" content=\"index, follow, max-snippet:-1, max-image-preview:large, max-video-preview:-1\" \/>\n<link rel=\"canonical\" href=\"https:\/\/lemanoirducolombier.fr\/en\/votre-sejour\/\" \/>\n<meta property=\"og:locale\" content=\"en_US\" \/>\n<meta property=\"og:type\" content=\"article\" \/>\n<meta property=\"og:title\" content=\"Votre S\u00e9jour - Le Manoir du Colombier\" \/>\n<meta property=\"og:description\" content=\"Nos coups de coeur pr\u00e8s de chez nous O\u00f9 Dormir? iInsolite Luxueux Pas trop cher Se restaurer Au plus proche du Colombier Le bruit qui court \u00e0 Quessoy (la p\u00e9pite de Marie Morin) Le bon accueil \u00e0 H\u00e9non A Lamballe Cocottes et paillotes Avec vue mer La croisette (au Val andr\u00e9) Le panier iod\u00e9 \u00e0...\" \/>\n<meta property=\"og:url\" content=\"https:\/\/lemanoirducolombier.fr\/en\/votre-sejour\/\" \/>\n<meta property=\"og:site_name\" content=\"Le Manoir du Colombier\" \/>\n<meta property=\"article:publisher\" content=\"https:\/\/www.facebook.com\/profile.php?id=100068960734168&amp;locale=fr_FR\" \/>\n<meta property=\"article:modified_time\" content=\"2026-04-01T17:25:39+00:00\" \/>\n<meta property=\"og:image\" content=\"https:\/\/lemanoirducolombier.fr\/wp-content\/uploads\/2026\/03\/hero-manoir-1024x683.jpg\" \/>\n\t<meta property=\"og:image:width\" content=\"1024\" \/>\n\t<meta property=\"og:image:height\" content=\"683\" \/>\n\t<meta property=\"og:image:type\" content=\"image\/jpeg\" \/>\n<meta name=\"twitter:card\" content=\"summary_large_image\" \/>\n<meta name=\"twitter:label1\" content=\"Est. reading time\" \/>\n\t<meta name=\"twitter:data1\" content=\"1 minute\" \/>\n<script type=\"application\/ld+json\" class=\"yoast-schema-graph\">{\"@context\":\"https:\\\/\\\/schema.org\",\"@graph\":[{\"@type\":\"WebPage\",\"@id\":\"https:\\\/\\\/lemanoirducolombier.fr\\\/votre-sejour\\\/\",\"url\":\"https:\\\/\\\/lemanoirducolombier.fr\\\/votre-sejour\\\/\",\"name\":\"Votre S\u00e9jour - Le Manoir du Colombier\",\"isPartOf\":{\"@id\":\"https:\\\/\\\/lemanoirducolombier.fr\\\/#website\"},\"datePublished\":\"2026-04-01T04:18:41+00:00\",\"dateModified\":\"2026-04-01T17:25:39+00:00\",\"breadcrumb\":{\"@id\":\"https:\\\/\\\/lemanoirducolombier.fr\\\/votre-sejour\\\/#breadcrumb\"},\"inLanguage\":\"en-US\",\"potentialAction\":[{\"@type\":\"ReadAction\",\"target\":[\"https:\\\/\\\/lemanoirducolombier.fr\\\/votre-sejour\\\/\"]}]},{\"@type\":\"BreadcrumbList\",\"@id\":\"https:\\\/\\\/lemanoirducolombier.fr\\\/votre-sejour\\\/#breadcrumb\",\"itemListElement\":[{\"@type\":\"ListItem\",\"position\":1,\"name\":\"Home\",\"item\":\"https:\\\/\\\/lemanoirducolombier.fr\\\/\"},{\"@type\":\"ListItem\",\"position\":2,\"name\":\"Votre S\u00e9jour\"}]},{\"@type\":\"WebSite\",\"@id\":\"https:\\\/\\\/lemanoirducolombier.fr\\\/#website\",\"url\":\"https:\\\/\\\/lemanoirducolombier.fr\\\/\",\"name\":\"Le Manoir du Colombier\",\"description\":\"\u00c9V\u00c9NEMENTS \u00b7 S\u00c9MINAIRES \u00b7 STAGES \u00b7 BRETAGNE\",\"publisher\":{\"@id\":\"https:\\\/\\\/lemanoirducolombier.fr\\\/#organization\"},\"alternateName\":\"Manoir du Colombier\",\"potentialAction\":[{\"@type\":\"SearchAction\",\"target\":{\"@type\":\"EntryPoint\",\"urlTemplate\":\"https:\\\/\\\/lemanoirducolombier.fr\\\/?s={search_term_string}\"},\"query-input\":{\"@type\":\"PropertyValueSpecification\",\"valueRequired\":true,\"valueName\":\"search_term_string\"}}],\"inLanguage\":\"en-US\"},{\"@type\":\"Organization\",\"@id\":\"https:\\\/\\\/lemanoirducolombier.fr\\\/#organization\",\"name\":\"Le Manoir du Colombier\",\"url\":\"https:\\\/\\\/lemanoirducolombier.fr\\\/\",\"logo\":{\"@type\":\"ImageObject\",\"inLanguage\":\"en-US\",\"@id\":\"https:\\\/\\\/lemanoirducolombier.fr\\\/#\\\/schema\\\/logo\\\/image\\\/\",\"url\":\"https:\\\/\\\/lemanoirducolombier.fr\\\/wp-content\\\/uploads\\\/2026\\\/03\\\/cropped-logo-melusine-512.png\",\"contentUrl\":\"https:\\\/\\\/lemanoirducolombier.fr\\\/wp-content\\\/uploads\\\/2026\\\/03\\\/cropped-logo-melusine-512.png\",\"width\":512,\"height\":512,\"caption\":\"Le Manoir du Colombier\"},\"image\":{\"@id\":\"https:\\\/\\\/lemanoirducolombier.fr\\\/#\\\/schema\\\/logo\\\/image\\\/\"},\"sameAs\":[\"https:\\\/\\\/www.facebook.com\\\/profile.php?id=100068960734168&locale=fr_FR\",\"https:\\\/\\\/www.instagram.com\\\/jardinsducolombier22\"]}]}<\/script>\n<!-- \/ Yoast SEO plugin. -->","yoast_head_json":{"title":"Votre S\u00e9jour - Le Manoir du Colombier","robots":{"index":"index","follow":"follow","max-snippet":"max-snippet:-1","max-image-preview":"max-image-preview:large","max-video-preview":"max-video-preview:-1"},"canonical":"https:\/\/lemanoirducolombier.fr\/en\/votre-sejour\/","og_locale":"en_US","og_type":"article","og_title":"Votre S\u00e9jour - Le Manoir du Colombier","og_description":"Nos coups de coeur pr\u00e8s de chez nous O\u00f9 Dormir? iInsolite Luxueux Pas trop cher Se restaurer Au plus proche du Colombier Le bruit qui court \u00e0 Quessoy (la p\u00e9pite de Marie Morin) Le bon accueil \u00e0 H\u00e9non A Lamballe Cocottes et paillotes Avec vue mer La croisette (au Val andr\u00e9) Le panier iod\u00e9 \u00e0...","og_url":"https:\/\/lemanoirducolombier.fr\/en\/votre-sejour\/","og_site_name":"Le Manoir du Colombier","article_publisher":"https:\/\/www.facebook.com\/profile.php?id=100068960734168&locale=fr_FR","article_modified_time":"2026-04-01T17:25:39+00:00","og_image":[{"width":1024,"height":683,"url":"https:\/\/lemanoirducolombier.fr\/wp-content\/uploads\/2026\/03\/hero-manoir-1024x683.jpg","type":"image\/jpeg"}],"twitter_card":"summary_large_image","twitter_misc":{"Est. reading time":"1 minute"},"schema":{"@context":"https:\/\/schema.org","@graph":[{"@type":"WebPage","@id":"https:\/\/lemanoirducolombier.fr\/votre-sejour\/","url":"https:\/\/lemanoirducolombier.fr\/votre-sejour\/","name":"Votre S\u00e9jour - Le Manoir du Colombier","isPartOf":{"@id":"https:\/\/lemanoirducolombier.fr\/#website"},"datePublished":"2026-04-01T04:18:41+00:00","dateModified":"2026-04-01T17:25:39+00:00","breadcrumb":{"@id":"https:\/\/lemanoirducolombier.fr\/votre-sejour\/#breadcrumb"},"inLanguage":"en-US","potentialAction":[{"@type":"ReadAction","target":["https:\/\/lemanoirducolombier.fr\/votre-sejour\/"]}]},{"@type":"BreadcrumbList","@id":"https:\/\/lemanoirducolombier.fr\/votre-sejour\/#breadcrumb","itemListElement":[{"@type":"ListItem","position":1,"name":"Home","item":"https:\/\/lemanoirducolombier.fr\/"},{"@type":"ListItem","position":2,"name":"Votre S\u00e9jour"}]},{"@type":"WebSite","@id":"https:\/\/lemanoirducolombier.fr\/#website","url":"https:\/\/lemanoirducolombier.fr\/","name":"Le Manoir du Colombier","description":"\u00c9V\u00c9NEMENTS \u00b7 S\u00c9MINAIRES \u00b7 STAGES \u00b7 BRETAGNE","publisher":{"@id":"https:\/\/lemanoirducolombier.fr\/#organization"},"alternateName":"Manoir du Colombier","potentialAction":[{"@type":"SearchAction","target":{"@type":"EntryPoint","urlTemplate":"https:\/\/lemanoirducolombier.fr\/?s={search_term_string}"},"query-input":{"@type":"PropertyValueSpecification","valueRequired":true,"valueName":"search_term_string"}}],"inLanguage":"en-US"},{"@type":"Organization","@id":"https:\/\/lemanoirducolombier.fr\/#organization","name":"Le Manoir du Colombier","url":"https:\/\/lemanoirducolombier.fr\/","logo":{"@type":"ImageObject","inLanguage":"en-US","@id":"https:\/\/lemanoirducolombier.fr\/#\/schema\/logo\/image\/","url":"https:\/\/lemanoirducolombier.fr\/wp-content\/uploads\/2026\/03\/cropped-logo-melusine-512.png","contentUrl":"https:\/\/lemanoirducolombier.fr\/wp-content\/uploads\/2026\/03\/cropped-logo-melusine-512.png","width":512,"height":512,"caption":"Le Manoir du Colombier"},"image":{"@id":"https:\/\/lemanoirducolombier.fr\/#\/schema\/logo\/image\/"},"sameAs":["https:\/\/www.facebook.com\/profile.php?id=100068960734168&locale=fr_FR","https:\/\/www.instagram.com\/jardinsducolombier22"]}]}},"_links":{"self":[{"href":"https:\/\/lemanoirducolombier.fr\/en\/wp-json\/wp\/v2\/pages\/723","targetHints":{"allow":["GET"]}}],"collection":[{"href":"https:\/\/lemanoirducolombier.fr\/en\/wp-json\/wp\/v2\/pages"}],"about":[{"href":"https:\/\/lemanoirducolombier.fr\/en\/wp-json\/wp\/v2\/types\/page"}],"author":[{"embeddable":true,"href":"https:\/\/lemanoirducolombier.fr\/en\/wp-json\/wp\/v2\/users\/2"}],"replies":[{"embeddable":true,"href":"https:\/\/lemanoirducolombier.fr\/en\/wp-json\/wp\/v2\/comments?post=723"}],"version-history":[{"count":6,"href":"https:\/\/lemanoirducolombier.fr\/en\/wp-json\/wp\/v2\/pages\/723\/revisions"}],"predecessor-version":[{"id":790,"href":"https:\/\/lemanoirducolombier.fr\/en\/wp-json\/wp\/v2\/pages\/723\/revisions\/790"}],"wp:attachment":[{"href":"https:\/\/lemanoirducolombier.fr\/en\/wp-json\/wp\/v2\/media?parent=723"}],"curies":[{"name":"wp","href":"https:\/\/api.w.org\/{rel}","templated":true}]}}