{"id":85,"date":"2026-03-02T23:28:13","date_gmt":"2026-03-02T22:28:13","guid":{"rendered":"https:\/\/lemanoirducolombier.fr\/?page_id=85"},"modified":"2026-04-01T11:46:34","modified_gmt":"2026-04-01T09:46:34","slug":"contact","status":"publish","type":"page","link":"https:\/\/lemanoirducolombier.fr\/en\/contact\/","title":{"rendered":"Contact"},"content":{"rendered":"\n<div class=\"wp-block-cover alignfull is-dark\"><img loading=\"lazy\" decoding=\"async\" width=\"1920\" height=\"1280\" class=\"wp-block-cover__image-background wp-image-306 size-full\" alt=\"\" src=\"https:\/\/lemanoirducolombier.fr\/wp-content\/uploads\/2026\/03\/hero-manoir.jpg\" style=\"object-position:50% 90%\" data-object-fit=\"cover\" data-object-position=\"50% 90%\" srcset=\"https:\/\/lemanoirducolombier.fr\/wp-content\/uploads\/2026\/03\/hero-manoir.jpg 1920w, https:\/\/lemanoirducolombier.fr\/wp-content\/uploads\/2026\/03\/hero-manoir-300x200.jpg 300w, https:\/\/lemanoirducolombier.fr\/wp-content\/uploads\/2026\/03\/hero-manoir-1024x683.jpg 1024w, https:\/\/lemanoirducolombier.fr\/wp-content\/uploads\/2026\/03\/hero-manoir-768x512.jpg 768w, https:\/\/lemanoirducolombier.fr\/wp-content\/uploads\/2026\/03\/hero-manoir-1536x1024.jpg 1536w\" sizes=\"auto, (max-width: 1920px) 100vw, 1920px\" \/><span aria-hidden=\"true\" class=\"wp-block-cover__background has-theme-palette-1-background-color has-background-dim\"><\/span><div class=\"wp-block-cover__inner-container is-layout-flow wp-block-cover-is-layout-flow\">\n<div style=\"height:20vh\" aria-hidden=\"true\" class=\"wp-block-spacer\"><\/div>\n\n\n\n<h1 class=\"wp-block-heading has-text-align-center has-text-color\" style=\"color:#ffffff;font-size:clamp(36px, 5vw, 70px);font-weight:400;letter-spacing:4px\">Contact<\/h1>\n\n\n\n<div style=\"height:16px\" aria-hidden=\"true\" class=\"wp-block-spacer\"><\/div>\n\n\n\n<p class=\"has-text-align-center has-text-color\" style=\"color:#ffffff;font-size:16px;letter-spacing:3px\">PARLONS DE VOTRE PROJET<\/p>\n\n\n\n<div style=\"height:32px\" aria-hidden=\"true\" class=\"wp-block-spacer\"><\/div>\n<\/div><\/div>\n\n\n\n<div class=\"wp-block-group alignfull has-background\" style=\"background-color:#f5f0eb;padding-top:80px;padding-bottom:20px\"><div class=\"wp-block-group__inner-container is-layout-flow wp-block-group-is-layout-flow\">\n<div class=\"wp-block-group\"><div class=\"wp-block-group__inner-container is-layout-constrained wp-container-core-group-is-layout-76880bb7 wp-block-group-is-layout-constrained\">\n<h2 class=\"wp-block-heading has-text-align-center has-text-color\" style=\"color:#999999;font-size:16px;font-weight:400;letter-spacing:4px\">CONTACTEZ LE MANOIR DU COLOMBIER<\/h2>\n\n\n\n<div style=\"height:16px\" aria-hidden=\"true\" class=\"wp-block-spacer\"><\/div>\n\n\n\n<p class=\"has-text-align-center has-text-color\" style=\"color:#888888;font-size:17px;line-height:1.9\">Vous souhaitez organiser un <a href=\"\/votre-evenement\/\" style=\"color:#2d4a3e\">mariage<\/a>, un <a href=\"\/votre-seminaire\/\" style=\"color:#2d4a3e\">s\u00e9minaire<\/a> ou un <a href=\"\/votre-stage\/\" style=\"color:#2d4a3e\">stage artistique<\/a> au\nManoir du Colombier ? Corinne et Bertrand se feront un plaisir de vous accompagner dans votre projet.<\/p>\n\n\n\n<p class=\"has-text-align-center has-text-color\" style=\"color:#888888;font-size:17px;line-height:1.9\">Que vous ayez une id\u00e9e pr\u00e9cise ou que vous souhaitiez simplement <a href=\"\/le-manoir\/\" style=\"color:#2d4a3e\">d\u00e9couvrir le domaine<\/a> et ses <a href=\"\/les-jardins\/\" style=\"color:#2d4a3e\">jardins class\u00e9s<\/a>, remplissez le formulaire ci-dessous. Nous\nvous r\u00e9pondrons dans les plus brefs d\u00e9lais pour organiser une visite ou \u00e9tablir un devis personnalis\u00e9.<\/p>\n<\/div><\/div>\n<\/div><\/div>\n\n\n\n<div class=\"wp-block-group alignfull has-background\" style=\"background-color:#f5f0eb;padding-top:20px;padding-bottom:80px\"><div class=\"wp-block-group__inner-container is-layout-flow wp-block-group-is-layout-flow\">\n<div class=\"wp-block-columns is-layout-flex wp-container-core-columns-is-layout-201b4ec5 wp-block-columns-is-layout-flex\">\n<div class=\"wp-block-column is-vertically-aligned-top is-layout-flow wp-block-column-is-layout-flow\" style=\"padding-top:0px;padding-right:0;padding-bottom:0px;padding-left:0;flex-basis:50%\">\n<h2 class=\"wp-block-heading has-text-align-center has-text-color\" style=\"color:#999999;font-size:16px;font-weight:400;letter-spacing:4px\">NOUS TROUVER<\/h2>\n\n\n\n<div style=\"height:28px\" aria-hidden=\"true\" class=\"wp-block-spacer\"><\/div>\n\n\n\n<div class=\"wp-block-group is-content-justification-center is-nowrap is-layout-flex wp-container-core-group-is-layout-94bc23d7 wp-block-group-is-layout-flex\">\n<div class=\"wp-block-group is-vertical is-content-justification-center is-layout-flex wp-container-core-group-is-layout-4b2eccd6 wp-block-group-is-layout-flex\">\n<h3 class=\"wp-block-heading has-text-align-left wp-container-content-62aae154\">Le Manoir du Colombier<\/h3>\n\n\n\n<div style=\"height:0px;width:0px\" aria-hidden=\"true\" class=\"wp-block-spacer wp-container-content-62aae154\"><\/div>\n\n\n\n<p class=\"has-text-align-left has-text-color\" style=\"color:#555555;font-size:16px;line-height:1.9\">69 Le Colombier<br>22150 H\u00e9non<br>Bretagne, France<\/p>\n\n\n\n<div style=\"height:0px\" aria-hidden=\"true\" class=\"wp-block-spacer wp-container-content-f9bd05ee\"><\/div>\n\n\n\n<p class=\"has-text-align-left wp-container-content-f9bd05ee\"><a href=\"mailto:contact@lemanoirducolombier.fr\" style=\"color:#2d4a3e;text-decoration:none;\">contact@lemanoirducolombier.fr<\/a><\/p>\n<\/div>\n<\/div>\n\n\n\n<div style=\"height:40px\" aria-hidden=\"true\" class=\"wp-block-spacer\"><\/div>\n\n\n\n<h4 class=\"wp-block-heading alignwide has-text-align-center has-text-color\" style=\"color:#999999;font-size:16px;font-weight:400;letter-spacing:4px\">ACC\u00c8S<\/h4>\n\n\n\n<div style=\"height:16px\" aria-hidden=\"true\" class=\"wp-block-spacer\"><\/div>\n\n\n\n<div class=\"wp-block-columns is-layout-flex wp-container-core-columns-is-layout-b97086c3 wp-block-columns-is-layout-flex\">\n<div class=\"wp-block-column is-layout-flow wp-block-column-is-layout-flow\" style=\"flex-basis:33.33%\"><div class=\"wp-block-image\">\n<figure class=\"aligncenter size-full is-resized\"><img decoding=\"async\" src=\"https:\/\/lemanoirducolombier.fr\/wp-content\/uploads\/2026\/04\/icon-car.png\" alt=\"Voiture\" style=\"width:40px;height:40px\"\/><\/figure>\n<\/div>\n\n\n<p class=\"has-text-align-center has-text-color\" style=\"color:#2d4a3e;margin-top:0;margin-bottom:4px;font-size:15px;font-weight:600\">Voiture<\/p>\n\n\n\n<p class=\"has-text-align-center has-text-color\" style=\"color:#555555;margin-top:0;font-size:14px;line-height:1.6\">4h de Paris<br>1h de Rennes<\/p>\n<\/div>\n\n\n\n<div class=\"wp-block-column is-layout-flow wp-block-column-is-layout-flow\" style=\"flex-basis:33.33%\"><div class=\"wp-block-image\">\n<figure class=\"aligncenter size-full is-resized\"><img decoding=\"async\" src=\"https:\/\/lemanoirducolombier.fr\/wp-content\/uploads\/2026\/04\/icon-train.png\" alt=\"Gare TGV\" style=\"width:40px;height:40px\"\/><\/figure>\n<\/div>\n\n\n<p class=\"has-text-align-center has-text-color\" style=\"color:#2d4a3e;margin-top:0;margin-bottom:4px;font-size:15px;font-weight:600\">Gare TGV<\/p>\n\n\n\n<p class=\"has-text-align-center has-text-color\" style=\"color:#555555;margin-top:0;font-size:14px;line-height:1.6\">\u00e0 20 min de Saint-Brieuc &amp; Lamballe<\/p>\n<\/div>\n\n\n\n<div class=\"wp-block-column is-layout-flow wp-block-column-is-layout-flow\" style=\"flex-basis:33.33%\"><div class=\"wp-block-image\">\n<figure class=\"aligncenter size-full is-resized\"><img decoding=\"async\" src=\"https:\/\/lemanoirducolombier.fr\/wp-content\/uploads\/2026\/04\/icon-plane.png\" alt=\"A\u00e9roport\" style=\"width:40px;height:40px\"\/><\/figure>\n<\/div>\n\n\n<p class=\"has-text-align-center has-text-color\" style=\"color:#2d4a3e;margin-top:0;margin-bottom:4px;font-size:15px;font-weight:600\">A\u00e9roport<\/p>\n\n\n\n<p class=\"has-text-align-center has-text-color\" style=\"color:#555555;margin-top:0;font-size:14px;line-height:1.6\">2h de Brest<br>1h de Rennes<\/p>\n<\/div>\n<\/div>\n\n\n\n<div style=\"height:28px\" aria-hidden=\"true\" class=\"wp-block-spacer\"><\/div>\n\n\n\n<div class=\"wp-block-group is-content-justification-center is-nowrap is-layout-flex wp-container-core-group-is-layout-94bc23d7 wp-block-group-is-layout-flex\">\n<div class=\"wp-block-group is-vertical is-layout-flex wp-container-core-group-is-layout-8cf370e7 wp-block-group-is-layout-flex\">\n<p class=\"has-text-align-left wp-container-content-43ce77df\"><a href=\"https:\/\/maps.app.goo.gl\/BnwT2Eg3UgzXM29Z8\" target=\"_blank\" rel=\"noopener\" style=\"color:#2d4a3e;text-decoration:underline;\">Ouvrir dans Google\nMaps \u2192<\/a><\/p>\n<\/div>\n<\/div>\n<\/div>\n\n\n\n<div class=\"wp-block-column is-vertically-aligned-top is-layout-flow wp-block-column-is-layout-flow\" style=\"padding-top:0px;padding-right:0;padding-bottom:0px;flex-basis:50%\">\n<h2 class=\"wp-block-heading has-text-align-left has-text-color\" style=\"color:#999999;font-size:16px;font-weight:400;letter-spacing:4px\">DEMANDE DE RENSEIGNEMENTS<\/h2>\n\n\n\n<div style=\"height:28px\" aria-hidden=\"true\" class=\"wp-block-spacer\"><\/div>\n\n\n<style id=\"wpforms-css-vars-90\">\n\t\t\t\t#wpforms-90 {\n\t\t\t\t--wpforms-container-padding: 0px;\n--wpforms-container-border-width: 1px;\n--wpforms-container-border-radius: 3px;\n--wpforms-background-color: rgba(0, 0, 0, 0);\n--wpforms-field-size-input-height: 43px;\n--wpforms-field-size-input-spacing: 15px;\n--wpforms-field-size-font-size: 16px;\n--wpforms-field-size-line-height: 19px;\n--wpforms-field-size-padding-h: 14px;\n--wpforms-field-size-checkbox-size: 16px;\n--wpforms-field-size-sublabel-spacing: 5px;\n--wpforms-field-size-icon-size: 1;\n--wpforms-label-size-font-size: 16px;\n--wpforms-label-size-line-height: 19px;\n--wpforms-label-size-sublabel-font-size: 14px;\n--wpforms-label-size-sublabel-line-height: 17px;\n--wpforms-button-size-font-size: 17px;\n--wpforms-button-size-height: 41px;\n--wpforms-button-size-padding-h: 15px;\n--wpforms-button-size-margin-top: 10px;\n--wpforms-container-shadow-size-box-shadow: none;\n\t\t\t}\n\t\t\t<\/style><div class=\"wpforms-container wpforms-container-full wpforms-render-modern\" id=\"wpforms-90\"><form id=\"wpforms-form-90\" class=\"wpforms-validate wpforms-form wpforms-ajax-form\" data-formid=\"90\" method=\"post\" enctype=\"multipart\/form-data\" action=\"\/en\/wp-json\/wp\/v2\/pages\/85\" data-token=\"9dcda849a85240a43275cf678afbfc7f\" data-token-time=\"1775378676\"><noscript class=\"wpforms-error-noscript\">Please enable JavaScript in your browser to complete this form.<\/noscript><div id=\"wpforms-error-noscript\" style=\"display: none;\">Please enable JavaScript in your browser to complete this form.<\/div><div class=\"wpforms-field-container\">\t\t<div id=\"wpforms-90-field_5-container\"\n\t\t\tclass=\"wpforms-field wpforms-field-text\"\n\t\t\tdata-field-type=\"text\"\n\t\t\tdata-field-id=\"5\"\n\t\t\t>\n\t\t\t<label class=\"wpforms-field-label\" for=\"wpforms-90-field_5\" >Votre Email Nom<\/label>\n\t\t\t<input type=\"text\" id=\"wpforms-90-field_5\" class=\"wpforms-field-medium\" name=\"wpforms[fields][5]\" >\n\t\t<\/div>\n\t\t<div id=\"wpforms-90-field_1-container\" class=\"wpforms-field wpforms-field-name\" data-field-id=\"1\"><fieldset><legend class=\"wpforms-field-label\">Nom <span class=\"wpforms-required-label\" aria-hidden=\"true\">*<\/span><\/legend><div class=\"wpforms-field-row wpforms-field-medium\"><div class=\"wpforms-field-row-block wpforms-first wpforms-one-half\"><input type=\"text\" id=\"wpforms-90-field_1\" class=\"wpforms-field-name-first wpforms-field-required\" name=\"wpforms[fields][1][first]\" aria-errormessage=\"wpforms-90-field_1-error\" required><label for=\"wpforms-90-field_1\" class=\"wpforms-field-sublabel after\">First<\/label><\/div><div class=\"wpforms-field-row-block wpforms-one-half\"><input type=\"text\" id=\"wpforms-90-field_1-last\" class=\"wpforms-field-name-last wpforms-field-required\" name=\"wpforms[fields][1][last]\" aria-errormessage=\"wpforms-90-field_1-last-error\" required><label for=\"wpforms-90-field_1-last\" class=\"wpforms-field-sublabel after\">Last<\/label><\/div><\/div><\/fieldset><\/div><div id=\"wpforms-90-field_2-container\" class=\"wpforms-field wpforms-field-email\" data-field-id=\"2\"><label class=\"wpforms-field-label\" for=\"wpforms-90-field_2\">Email <span class=\"wpforms-required-label\" aria-hidden=\"true\">*<\/span><\/label><input type=\"email\" id=\"wpforms-90-field_2\" class=\"wpforms-field-medium wpforms-field-required\" name=\"wpforms[fields][2]\" spellcheck=\"false\" aria-errormessage=\"wpforms-90-field_2-error\" required><\/div><div id=\"wpforms-90-field_4-container\" class=\"wpforms-field wpforms-field-select wpforms-field-select-style-classic\" data-field-id=\"4\"><label class=\"wpforms-field-label\" for=\"wpforms-90-field_4\">Type d&#039;\u00e9v\u00e9nement<\/label><select id=\"wpforms-90-field_4\" class=\"wpforms-field-medium\" name=\"wpforms[fields][4]\"><option value=\"Mariage\"  class=\"choice-1 depth-1\"  >Mariage<\/option><option value=\"Anniversaire\"  class=\"choice-2 depth-1\"  >Anniversaire<\/option><option value=\"S\u00e9minaire\"  class=\"choice-3 depth-1\"  >S\u00e9minaire<\/option><option value=\"Stage\"  class=\"choice-4 depth-1\"  >Stage<\/option><option value=\"Autre\"  class=\"choice-5 depth-1\"  >Autre<\/option><\/select><\/div><div id=\"wpforms-90-field_3-container\" class=\"wpforms-field wpforms-field-textarea\" data-field-id=\"3\"><label class=\"wpforms-field-label\" for=\"wpforms-90-field_3\">Votre message<\/label><textarea id=\"wpforms-90-field_3\" class=\"wpforms-field-medium\" name=\"wpforms[fields][3]\" aria-errormessage=\"wpforms-90-field_3-error\" ><\/textarea><\/div><script>\n\t\t\t\t( function() {\n\t\t\t\t\tconst style = document.createElement( 'style' );\n\t\t\t\t\tstyle.appendChild( document.createTextNode( '#wpforms-90-field_5-container { position: absolute !important; overflow: hidden !important; display: inline !important; height: 1px !important; width: 1px !important; z-index: -1000 !important; padding: 0 !important; } #wpforms-90-field_5-container input { visibility: hidden; } #wpforms-conversational-form-page #wpforms-90-field_5-container label { counter-increment: none; }' ) );\n\t\t\t\t\tdocument.head.appendChild( style );\n\t\t\t\t\tdocument.currentScript?.remove();\n\t\t\t\t} )();\n\t\t\t<\/script><\/div><!-- .wpforms-field-container --><div class=\"wpforms-submit-container\" ><input type=\"hidden\" name=\"wpforms[id]\" value=\"90\"><input type=\"hidden\" name=\"page_title\" value=\"\"><input type=\"hidden\" name=\"page_url\" value=\"https:\/\/lemanoirducolombier.fr\/en\/wp-json\/wp\/v2\/pages\/85\"><input type=\"hidden\" name=\"url_referer\" value=\"\"><button type=\"submit\" name=\"wpforms[submit]\" id=\"wpforms-submit-90\" class=\"wpforms-submit\" data-alt-text=\"Envoie en cours...\" data-submit-text=\"Envoyer\" aria-live=\"assertive\" value=\"wpforms-submit\">Envoyer<\/button><img loading=\"lazy\" decoding=\"async\" src=\"https:\/\/lemanoirducolombier.fr\/wp-content\/plugins\/wpforms-lite\/assets\/images\/submit-spin.svg\" class=\"wpforms-submit-spinner\" style=\"display: none;\" width=\"26\" height=\"26\" alt=\"Loading\"><\/div><\/form><\/div>  <!-- .wpforms-container -->\n<\/div>\n<\/div>\n<\/div><\/div>\n\n\n\n<iframe src=\"https:\/\/www.google.com\/maps\/embed?pb=!1m18!1m12!1m3!1d3145.606102976904!2d-2.67606641373158!3d48.39988128547149!2m3!1f0!2f0!3f0!3m2!1i1024!2i768!4f13.1!3m3!1m2!1s0x480e19\n00072a2f6f%3A0x5642d6b71d682d0c!2sLe%20Manoir%20du%20Colombier!5e0!3m2!1sfr!2sfr!4v1773849108252!5m2!1sfr!2sfr&#038;maptype=roadmap\" width=\"100%\" height=\"400\"\nstyle=\"border:0;display:block;\" allowfullscreen=\"\" loading=\"lazy\"><\/iframe>\n","protected":false},"excerpt":{"rendered":"<p>CONTACTEZ LE MANOIR DU COLOMBIER Vous souhaitez organiser un mariage, un s\u00e9minaire ou un stage artistique au Manoir du Colombier ? Corinne et Bertrand se feront un plaisir de vous accompagner dans votre projet. Que vous ayez une id\u00e9e pr\u00e9cise ou que vous souhaitiez simplement d\u00e9couvrir le domaine et ses jardins class\u00e9s, remplissez le formulaire&#8230;<\/p>","protected":false},"author":1,"featured_media":0,"parent":0,"menu_order":0,"comment_status":"closed","ping_status":"closed","template":"","meta":{"_kad_post_transparent":"enable","_kad_post_title":"hide","_kad_post_layout":"fullwidth","_kad_post_sidebar_id":"","_kad_post_content_style":"unboxed","_kad_post_vertical_padding":"","_kad_post_feature":"","_kad_post_feature_position":"","_kad_post_header":false,"_kad_post_footer":false,"_kad_post_classname":"","footnotes":""},"class_list":["post-85","page","type-page","status-publish","hentry"],"yoast_head":"<!-- This site is optimized with the Yoast SEO plugin v27.3 - https:\/\/yoast.com\/product\/yoast-seo-wordpress\/ -->\n<title>Contact Manoir Colombier \u2014 Devis et r\u00e9servation en Bretagne<\/title>\n<meta name=\"description\" content=\"Contact Manoir Colombier : demande de devis, r\u00e9servation et visite du domaine \u00e0 H\u00e9non en Bretagne. Mariages, s\u00e9minaires et stages artistiques\" \/>\n<meta name=\"robots\" content=\"index, follow, max-snippet:-1, max-image-preview:large, max-video-preview:-1\" \/>\n<link rel=\"canonical\" href=\"https:\/\/lemanoirducolombier.fr\/en\/contact\/\" \/>\n<meta property=\"og:locale\" content=\"en_US\" \/>\n<meta property=\"og:type\" content=\"article\" \/>\n<meta property=\"og:title\" content=\"Contact Manoir Colombier \u2014 Devis et r\u00e9servation en Bretagne\" \/>\n<meta property=\"og:description\" content=\"Contact Manoir Colombier : demande de devis, r\u00e9servation et visite du domaine \u00e0 H\u00e9non en Bretagne. Mariages, s\u00e9minaires et stages artistiques\" \/>\n<meta property=\"og:url\" content=\"https:\/\/lemanoirducolombier.fr\/en\/contact\/\" \/>\n<meta property=\"og:site_name\" content=\"Le Manoir du Colombier\" \/>\n<meta property=\"article:publisher\" content=\"https:\/\/www.facebook.com\/profile.php?id=100068960734168&amp;locale=fr_FR\" \/>\n<meta property=\"article:modified_time\" content=\"2026-04-01T09:46:34+00:00\" \/>\n<meta property=\"og:image\" content=\"https:\/\/lemanoirducolombier.fr\/wp-content\/uploads\/2026\/03\/hero-manoir-1024x683.jpg\" \/>\n\t<meta property=\"og:image:width\" content=\"1024\" \/>\n\t<meta property=\"og:image:height\" content=\"683\" \/>\n\t<meta property=\"og:image:type\" content=\"image\/jpeg\" \/>\n<meta name=\"twitter:card\" content=\"summary_large_image\" \/>\n<meta name=\"twitter:label1\" content=\"Est. reading time\" \/>\n\t<meta name=\"twitter:data1\" content=\"2 minutes\" \/>\n<script type=\"application\/ld+json\" class=\"yoast-schema-graph\">{\"@context\":\"https:\\\/\\\/schema.org\",\"@graph\":[{\"@type\":\"WebPage\",\"@id\":\"https:\\\/\\\/lemanoirducolombier.fr\\\/contact\\\/\",\"url\":\"https:\\\/\\\/lemanoirducolombier.fr\\\/contact\\\/\",\"name\":\"Contact Manoir Colombier \u2014 Devis et r\u00e9servation en Bretagne\",\"isPartOf\":{\"@id\":\"https:\\\/\\\/lemanoirducolombier.fr\\\/#website\"},\"primaryImageOfPage\":{\"@id\":\"https:\\\/\\\/lemanoirducolombier.fr\\\/contact\\\/#primaryimage\"},\"image\":{\"@id\":\"https:\\\/\\\/lemanoirducolombier.fr\\\/contact\\\/#primaryimage\"},\"thumbnailUrl\":\"https:\\\/\\\/lemanoirducolombier.fr\\\/wp-content\\\/uploads\\\/2026\\\/03\\\/hero-manoir.jpg\",\"datePublished\":\"2026-03-02T22:28:13+00:00\",\"dateModified\":\"2026-04-01T09:46:34+00:00\",\"description\":\"Contact Manoir Colombier : demande de devis, r\u00e9servation et visite du domaine \u00e0 H\u00e9non en Bretagne. Mariages, s\u00e9minaires et stages artistiques\",\"breadcrumb\":{\"@id\":\"https:\\\/\\\/lemanoirducolombier.fr\\\/contact\\\/#breadcrumb\"},\"inLanguage\":\"en-US\",\"potentialAction\":[{\"@type\":\"ReadAction\",\"target\":[\"https:\\\/\\\/lemanoirducolombier.fr\\\/contact\\\/\"]}]},{\"@type\":\"ImageObject\",\"inLanguage\":\"en-US\",\"@id\":\"https:\\\/\\\/lemanoirducolombier.fr\\\/contact\\\/#primaryimage\",\"url\":\"https:\\\/\\\/lemanoirducolombier.fr\\\/wp-content\\\/uploads\\\/2026\\\/03\\\/hero-manoir.jpg\",\"contentUrl\":\"https:\\\/\\\/lemanoirducolombier.fr\\\/wp-content\\\/uploads\\\/2026\\\/03\\\/hero-manoir.jpg\"},{\"@type\":\"BreadcrumbList\",\"@id\":\"https:\\\/\\\/lemanoirducolombier.fr\\\/contact\\\/#breadcrumb\",\"itemListElement\":[{\"@type\":\"ListItem\",\"position\":1,\"name\":\"Home\",\"item\":\"https:\\\/\\\/lemanoirducolombier.fr\\\/\"},{\"@type\":\"ListItem\",\"position\":2,\"name\":\"Contact\"}]},{\"@type\":\"WebSite\",\"@id\":\"https:\\\/\\\/lemanoirducolombier.fr\\\/#website\",\"url\":\"https:\\\/\\\/lemanoirducolombier.fr\\\/\",\"name\":\"Le Manoir du Colombier\",\"description\":\"\u00c9V\u00c9NEMENTS \u00b7 S\u00c9MINAIRES \u00b7 STAGES \u00b7 BRETAGNE\",\"publisher\":{\"@id\":\"https:\\\/\\\/lemanoirducolombier.fr\\\/#organization\"},\"alternateName\":\"Manoir du Colombier\",\"potentialAction\":[{\"@type\":\"SearchAction\",\"target\":{\"@type\":\"EntryPoint\",\"urlTemplate\":\"https:\\\/\\\/lemanoirducolombier.fr\\\/?s={search_term_string}\"},\"query-input\":{\"@type\":\"PropertyValueSpecification\",\"valueRequired\":true,\"valueName\":\"search_term_string\"}}],\"inLanguage\":\"en-US\"},{\"@type\":\"Organization\",\"@id\":\"https:\\\/\\\/lemanoirducolombier.fr\\\/#organization\",\"name\":\"Le Manoir du Colombier\",\"url\":\"https:\\\/\\\/lemanoirducolombier.fr\\\/\",\"logo\":{\"@type\":\"ImageObject\",\"inLanguage\":\"en-US\",\"@id\":\"https:\\\/\\\/lemanoirducolombier.fr\\\/#\\\/schema\\\/logo\\\/image\\\/\",\"url\":\"https:\\\/\\\/lemanoirducolombier.fr\\\/wp-content\\\/uploads\\\/2026\\\/03\\\/cropped-logo-melusine-512.png\",\"contentUrl\":\"https:\\\/\\\/lemanoirducolombier.fr\\\/wp-content\\\/uploads\\\/2026\\\/03\\\/cropped-logo-melusine-512.png\",\"width\":512,\"height\":512,\"caption\":\"Le Manoir du Colombier\"},\"image\":{\"@id\":\"https:\\\/\\\/lemanoirducolombier.fr\\\/#\\\/schema\\\/logo\\\/image\\\/\"},\"sameAs\":[\"https:\\\/\\\/www.facebook.com\\\/profile.php?id=100068960734168&locale=fr_FR\",\"https:\\\/\\\/www.instagram.com\\\/jardinsducolombier22\"]}]}<\/script>\n<!-- \/ Yoast SEO plugin. -->","yoast_head_json":{"title":"Contact Manoir Colombier \u2014 Devis et r\u00e9servation en Bretagne","description":"Contact Manoir Colombier : demande de devis, r\u00e9servation et visite du domaine \u00e0 H\u00e9non en Bretagne. Mariages, s\u00e9minaires et stages artistiques","robots":{"index":"index","follow":"follow","max-snippet":"max-snippet:-1","max-image-preview":"max-image-preview:large","max-video-preview":"max-video-preview:-1"},"canonical":"https:\/\/lemanoirducolombier.fr\/en\/contact\/","og_locale":"en_US","og_type":"article","og_title":"Contact Manoir Colombier \u2014 Devis et r\u00e9servation en Bretagne","og_description":"Contact Manoir Colombier : demande de devis, r\u00e9servation et visite du domaine \u00e0 H\u00e9non en Bretagne. Mariages, s\u00e9minaires et stages artistiques","og_url":"https:\/\/lemanoirducolombier.fr\/en\/contact\/","og_site_name":"Le Manoir du Colombier","article_publisher":"https:\/\/www.facebook.com\/profile.php?id=100068960734168&locale=fr_FR","article_modified_time":"2026-04-01T09:46:34+00:00","og_image":[{"width":1024,"height":683,"url":"https:\/\/lemanoirducolombier.fr\/wp-content\/uploads\/2026\/03\/hero-manoir-1024x683.jpg","type":"image\/jpeg"}],"twitter_card":"summary_large_image","twitter_misc":{"Est. reading time":"2 minutes"},"schema":{"@context":"https:\/\/schema.org","@graph":[{"@type":"WebPage","@id":"https:\/\/lemanoirducolombier.fr\/contact\/","url":"https:\/\/lemanoirducolombier.fr\/contact\/","name":"Contact Manoir Colombier \u2014 Devis et r\u00e9servation en Bretagne","isPartOf":{"@id":"https:\/\/lemanoirducolombier.fr\/#website"},"primaryImageOfPage":{"@id":"https:\/\/lemanoirducolombier.fr\/contact\/#primaryimage"},"image":{"@id":"https:\/\/lemanoirducolombier.fr\/contact\/#primaryimage"},"thumbnailUrl":"https:\/\/lemanoirducolombier.fr\/wp-content\/uploads\/2026\/03\/hero-manoir.jpg","datePublished":"2026-03-02T22:28:13+00:00","dateModified":"2026-04-01T09:46:34+00:00","description":"Contact Manoir Colombier : demande de devis, r\u00e9servation et visite du domaine \u00e0 H\u00e9non en Bretagne. Mariages, s\u00e9minaires et stages artistiques","breadcrumb":{"@id":"https:\/\/lemanoirducolombier.fr\/contact\/#breadcrumb"},"inLanguage":"en-US","potentialAction":[{"@type":"ReadAction","target":["https:\/\/lemanoirducolombier.fr\/contact\/"]}]},{"@type":"ImageObject","inLanguage":"en-US","@id":"https:\/\/lemanoirducolombier.fr\/contact\/#primaryimage","url":"https:\/\/lemanoirducolombier.fr\/wp-content\/uploads\/2026\/03\/hero-manoir.jpg","contentUrl":"https:\/\/lemanoirducolombier.fr\/wp-content\/uploads\/2026\/03\/hero-manoir.jpg"},{"@type":"BreadcrumbList","@id":"https:\/\/lemanoirducolombier.fr\/contact\/#breadcrumb","itemListElement":[{"@type":"ListItem","position":1,"name":"Home","item":"https:\/\/lemanoirducolombier.fr\/"},{"@type":"ListItem","position":2,"name":"Contact"}]},{"@type":"WebSite","@id":"https:\/\/lemanoirducolombier.fr\/#website","url":"https:\/\/lemanoirducolombier.fr\/","name":"Le Manoir du Colombier","description":"\u00c9V\u00c9NEMENTS \u00b7 S\u00c9MINAIRES \u00b7 STAGES \u00b7 BRETAGNE","publisher":{"@id":"https:\/\/lemanoirducolombier.fr\/#organization"},"alternateName":"Manoir du Colombier","potentialAction":[{"@type":"SearchAction","target":{"@type":"EntryPoint","urlTemplate":"https:\/\/lemanoirducolombier.fr\/?s={search_term_string}"},"query-input":{"@type":"PropertyValueSpecification","valueRequired":true,"valueName":"search_term_string"}}],"inLanguage":"en-US"},{"@type":"Organization","@id":"https:\/\/lemanoirducolombier.fr\/#organization","name":"Le Manoir du Colombier","url":"https:\/\/lemanoirducolombier.fr\/","logo":{"@type":"ImageObject","inLanguage":"en-US","@id":"https:\/\/lemanoirducolombier.fr\/#\/schema\/logo\/image\/","url":"https:\/\/lemanoirducolombier.fr\/wp-content\/uploads\/2026\/03\/cropped-logo-melusine-512.png","contentUrl":"https:\/\/lemanoirducolombier.fr\/wp-content\/uploads\/2026\/03\/cropped-logo-melusine-512.png","width":512,"height":512,"caption":"Le Manoir du Colombier"},"image":{"@id":"https:\/\/lemanoirducolombier.fr\/#\/schema\/logo\/image\/"},"sameAs":["https:\/\/www.facebook.com\/profile.php?id=100068960734168&locale=fr_FR","https:\/\/www.instagram.com\/jardinsducolombier22"]}]}},"_links":{"self":[{"href":"https:\/\/lemanoirducolombier.fr\/en\/wp-json\/wp\/v2\/pages\/85","targetHints":{"allow":["GET"]}}],"collection":[{"href":"https:\/\/lemanoirducolombier.fr\/en\/wp-json\/wp\/v2\/pages"}],"about":[{"href":"https:\/\/lemanoirducolombier.fr\/en\/wp-json\/wp\/v2\/types\/page"}],"author":[{"embeddable":true,"href":"https:\/\/lemanoirducolombier.fr\/en\/wp-json\/wp\/v2\/users\/1"}],"replies":[{"embeddable":true,"href":"https:\/\/lemanoirducolombier.fr\/en\/wp-json\/wp\/v2\/comments?post=85"}],"version-history":[{"count":82,"href":"https:\/\/lemanoirducolombier.fr\/en\/wp-json\/wp\/v2\/pages\/85\/revisions"}],"predecessor-version":[{"id":773,"href":"https:\/\/lemanoirducolombier.fr\/en\/wp-json\/wp\/v2\/pages\/85\/revisions\/773"}],"wp:attachment":[{"href":"https:\/\/lemanoirducolombier.fr\/en\/wp-json\/wp\/v2\/media?parent=85"}],"curies":[{"name":"wp","href":"https:\/\/api.w.org\/{rel}","templated":true}]}}